{"id":155,"date":"2018-11-20T15:33:08","date_gmt":"2018-11-20T14:33:08","guid":{"rendered":"http:\/\/xn--phnix-allgu-u8a9t.de\/?page_id=155"},"modified":"2020-10-20T00:48:46","modified_gmt":"2020-10-19T23:48:46","slug":"rueckblick","status":"publish","type":"page","link":"http:\/\/xn--phnix-allgu-u8a9t.de\/?page_id=155","title":{"rendered":"R\u00fcckblick"},"content":{"rendered":"<h2 class=\"textbox\" dir=\"ltr\" style=\"text-align: center;\"><strong>Aktivit\u00e4ten seit 2016<\/strong><\/h2>\n<h5 class=\"textbox\" dir=\"ltr\" style=\"text-align: center;\"><strong>Vortr\u00e4ge:<\/strong><\/h5>\n<p class=\"textbox\" dir=\"ltr\" style=\"text-align: center;\">Firma Magnet Schulz Memmingen<\/p>\n<p dir=\"ltr\" style=\"text-align: center;\">Firma GROB Mindelheim<\/p>\n<p class=\"textbox\" dir=\"ltr\" style=\"text-align: center;\">Firma K\u00f6ssler Babenhausen<\/p>\n<p class=\"textbox\" dir=\"ltr\" style=\"text-align: center;\">Firma Berger Ottobeuren<\/p>\n<p dir=\"ltr\" style=\"text-align: center;\">Firma Kleiner Mindelheim<\/p>\n<p dir=\"ltr\" style=\"text-align: center;\">Firma Rohde &amp; Schwarz Memmingen<\/p>\n<p dir=\"ltr\" style=\"text-align: center;\">Firma Max Wild Berkheim<\/p>\n<p class=\"textbox\" dir=\"ltr\" style=\"text-align: center;\">Aldi S\u00fcd Zentrallager Altenstadt<\/p>\n<p class=\"textbox\" dir=\"ltr\" style=\"text-align: center;\">Grundschule Benningen 4. Klasse<\/p>\n<p class=\"textbox\" dir=\"ltr\" style=\"text-align: center;\">Schule Amendingen 5. und 9. Klasse<\/p>\n<p dir=\"ltr\" style=\"text-align: center;\">Mittelschule Babenhausen<\/p>\n<p dir=\"ltr\" style=\"text-align: center;\">Gymnasium Ottobeuren<\/p>\n<p dir=\"ltr\" style=\"text-align: center;\">Wirtschaftsschule Memmingen<\/p>\n<h5 class=\"textbox\" dir=\"ltr\" style=\"text-align: center;\">Beratungen:<\/h5>\n<p class=\"textbox\" dir=\"ltr\" style=\"text-align: center;\">Beratung zu den Themen Behindertenausweis, Parkausweis und<\/p>\n<p class=\"textbox\" dir=\"ltr\" style=\"text-align: center;\">Hausnotruf<\/p>\n<h5 class=\"textbox\" dir=\"ltr\" style=\"text-align: center;\">Sonstige T\u00e4tigkeiten:<\/h5>\n<p class=\"textbox\" dir=\"ltr\" style=\"text-align: center;\">Zusammenarbeit mit der Koordinationsstelle im Landratsamt<\/p>\n<p class=\"textbox\" dir=\"ltr\" style=\"text-align: center;\">Mindelheim Ausstellung<\/p>\n<p class=\"textbox\" dir=\"ltr\" style=\"text-align: center;\">Kooperationspartner des Arbeitskreises Schule\/Wirtschaft in Memmingen<\/p>\n<p class=\"textbox\" dir=\"ltr\" style=\"text-align: center;\">Mitarbeit im kommenden Aktionsplan der UN Behindertenrechtskonvention<\/p>\n","protected":false},"excerpt":{"rendered":"<p>Aktivit\u00e4ten seit 2016 Vortr\u00e4ge: Firma Magnet Schulz Memmingen Firma GROB Mindelheim Firma K\u00f6ssler Babenhausen Firma Berger Ottobeuren Firma Kleiner Mindelheim Firma Rohde &amp; Schwarz Memmingen Firma Max Wild Berkheim Aldi S\u00fcd Zentrallager Altenstadt Grundschule Benningen 4. Klasse Schule Amendingen 5. und 9. Klasse Mittelschule Babenhausen Gymnasium Ottobeuren Wirtschaftsschule Memmingen Beratungen: Beratung zu den Themen Behindertenausweis, [&hellip;]<\/p>\n","protected":false},"author":1,"featured_media":0,"parent":0,"menu_order":6,"comment_status":"closed","ping_status":"closed","template":"","meta":{"footnotes":""},"class_list":["post-155","page","type-page","status-publish","hentry"],"_links":{"self":[{"href":"http:\/\/xn--phnix-allgu-u8a9t.de\/index.php?rest_route=\/wp\/v2\/pages\/155","targetHints":{"allow":["GET"]}}],"collection":[{"href":"http:\/\/xn--phnix-allgu-u8a9t.de\/index.php?rest_route=\/wp\/v2\/pages"}],"about":[{"href":"http:\/\/xn--phnix-allgu-u8a9t.de\/index.php?rest_route=\/wp\/v2\/types\/page"}],"author":[{"embeddable":true,"href":"http:\/\/xn--phnix-allgu-u8a9t.de\/index.php?rest_route=\/wp\/v2\/users\/1"}],"replies":[{"embeddable":true,"href":"http:\/\/xn--phnix-allgu-u8a9t.de\/index.php?rest_route=%2Fwp%2Fv2%2Fcomments&post=155"}],"version-history":[{"count":6,"href":"http:\/\/xn--phnix-allgu-u8a9t.de\/index.php?rest_route=\/wp\/v2\/pages\/155\/revisions"}],"predecessor-version":[{"id":250,"href":"http:\/\/xn--phnix-allgu-u8a9t.de\/index.php?rest_route=\/wp\/v2\/pages\/155\/revisions\/250"}],"wp:attachment":[{"href":"http:\/\/xn--phnix-allgu-u8a9t.de\/index.php?rest_route=%2Fwp%2Fv2%2Fmedia&parent=155"}],"curies":[{"name":"wp","href":"https:\/\/api.w.org\/{rel}","templated":true}]}}