{"id":43,"date":"2015-11-02T20:39:40","date_gmt":"2015-11-02T19:39:40","guid":{"rendered":"http:\/\/xn--phnix-allgu-u8a9t.de\/?page_id=43"},"modified":"2020-10-20T01:09:42","modified_gmt":"2020-10-20T00:09:42","slug":"seite-2-2","status":"publish","type":"page","link":"http:\/\/xn--phnix-allgu-u8a9t.de\/?page_id=43","title":{"rendered":"\u00dcber uns"},"content":{"rendered":"<p style=\"text-align: center;\">Nach einem Unfall mit Folgen k\u00f6rperlicher oder geistiger Beeintr\u00e4chtigung unterst\u00fctzt <strong>Ph\u00f6nix Allg\u00e4u e.V<\/strong>. die Unfallopfer und deren Angeh\u00f6rige.<\/p>\n<hr \/>\n<h2 style=\"text-align: center;\">Der Verein hilft&#8230;<\/h2>\n<p>&#8230;mit <strong>Informationen<\/strong> f\u00fcr Betroffene zu den Themen:<\/p>\n<p style=\"text-align: left; padding-left: 40px;\">Rehabilitation, Therapie, Hilfsmittel, Beruf, Erwerbsminderung, Grad der Behinderung, Vorsorgeverf\u00fcgungen, Pflegebed\u00fcrftigkeit, Wohnraumanpassung und F\u00f6rdermittel<\/p>\n<p>&#8230;bei der <strong>Vermittlung<\/strong> der zust\u00e4ndigen\u00a0fachlichen Ansprechpartner zu den\u00a0oben genannten Themen<\/p>\n<p>&#8230;durch <strong>Gespr\u00e4che<\/strong> mit Markus Schneider selbst, der als Betroffener Motivation und Kraft f\u00fcr den bevorstehenden Weg geben m\u00f6chte<\/p>\n<p>&#8230;mit <strong>Hilfestellungen<\/strong> durch aktive Mitglieder bei Aufgaben, die Betroffene nicht (mehr) alleine bew\u00e4ltigen k\u00f6nnen.<\/p>\n<hr \/>\n<p style=\"text-align: center;\">Im Mittelpunkt der Vereinst\u00e4tigkeit steht die aktive Unterst\u00fctzung von Unfallopfern und deren Familien.<\/p>\n<p style=\"text-align: center;\">Hilfestellungen im Alltag sowie die Wiedererlangung der Selbstst\u00e4ndigkeit spielen dabei eine zentrale Rolle.<\/p>\n<p style=\"text-align: center;\">Unterst\u00fctzung erfahren die Betroffenen durch die Vorstandschaft, durch aktive Mitglieder, sowie durch Kooperationspartner des Vereins.<\/p>\n","protected":false},"excerpt":{"rendered":"<p>Nach einem Unfall mit Folgen k\u00f6rperlicher oder geistiger Beeintr\u00e4chtigung unterst\u00fctzt Ph\u00f6nix Allg\u00e4u e.V. die Unfallopfer und deren Angeh\u00f6rige. Der Verein hilft&#8230; &#8230;mit Informationen f\u00fcr Betroffene zu den Themen: Rehabilitation, Therapie, Hilfsmittel, Beruf, Erwerbsminderung, Grad der Behinderung, Vorsorgeverf\u00fcgungen, Pflegebed\u00fcrftigkeit, Wohnraumanpassung und F\u00f6rdermittel &#8230;bei der Vermittlung der zust\u00e4ndigen\u00a0fachlichen Ansprechpartner zu den\u00a0oben genannten Themen &#8230;durch Gespr\u00e4che mit Markus [&hellip;]<\/p>\n","protected":false},"author":1,"featured_media":0,"parent":0,"menu_order":1,"comment_status":"closed","ping_status":"closed","template":"","meta":{"footnotes":""},"class_list":["post-43","page","type-page","status-publish","hentry"],"_links":{"self":[{"href":"http:\/\/xn--phnix-allgu-u8a9t.de\/index.php?rest_route=\/wp\/v2\/pages\/43","targetHints":{"allow":["GET"]}}],"collection":[{"href":"http:\/\/xn--phnix-allgu-u8a9t.de\/index.php?rest_route=\/wp\/v2\/pages"}],"about":[{"href":"http:\/\/xn--phnix-allgu-u8a9t.de\/index.php?rest_route=\/wp\/v2\/types\/page"}],"author":[{"embeddable":true,"href":"http:\/\/xn--phnix-allgu-u8a9t.de\/index.php?rest_route=\/wp\/v2\/users\/1"}],"replies":[{"embeddable":true,"href":"http:\/\/xn--phnix-allgu-u8a9t.de\/index.php?rest_route=%2Fwp%2Fv2%2Fcomments&post=43"}],"version-history":[{"count":6,"href":"http:\/\/xn--phnix-allgu-u8a9t.de\/index.php?rest_route=\/wp\/v2\/pages\/43\/revisions"}],"predecessor-version":[{"id":259,"href":"http:\/\/xn--phnix-allgu-u8a9t.de\/index.php?rest_route=\/wp\/v2\/pages\/43\/revisions\/259"}],"wp:attachment":[{"href":"http:\/\/xn--phnix-allgu-u8a9t.de\/index.php?rest_route=%2Fwp%2Fv2%2Fmedia&parent=43"}],"curies":[{"name":"wp","href":"https:\/\/api.w.org\/{rel}","templated":true}]}}