{"id":62,"date":"2015-11-03T09:00:32","date_gmt":"2015-11-03T08:00:32","guid":{"rendered":"http:\/\/xn--phnix-allgu-u8a9t.de\/?page_id=62"},"modified":"2020-10-20T00:45:32","modified_gmt":"2020-10-19T23:45:32","slug":"die-sage-des-phoenix","status":"publish","type":"page","link":"http:\/\/xn--phnix-allgu-u8a9t.de\/?page_id=62","title":{"rendered":"Die Sage des Ph\u00f6nix"},"content":{"rendered":"<p style=\"text-align: center;\"><em>Wenn sich die Zeit des einen Lebens zu Ende neigt, fliegt der Ph\u00f6nix am Abend<br \/>\nin die arabische W\u00fcste hinaus und bereitet sich ein Nest in den gr\u00fcnen Wedeln<br \/>\nder gr\u00f6\u00dften Palme. Kostbare Gew\u00fcrze und duftende Harze finden daf\u00fcr Verwendung.<br \/>\nDer Bau dauert die ganze Nacht und vollendet sich mit der Morgend\u00e4mmerung.<br \/>\nDer bet\u00f6rende Gesang, der nun beginnt, zieht die Strahlen der Sonne in seinen Bann.<br \/>\nSie entflammen schlie\u00dflich das Nest und den unerm\u00fcdlich singenden Feuervogel,<br \/>\nder eingebettet in den Ger\u00fcchen aus Zimt, Weihrauch und Myrre unter Schmerzen<br \/>\ndieses Leben verl\u00e4sst.<\/em><\/p>\n<p style=\"text-align: center;\"><em>Doch der Tod birgt immer einen neuen Anfang in sich.<br \/>\nNach drei Tagen regt sich etwas in der Asche:<\/em><\/p>\n<p style=\"text-align: center;\"><em>\u201cEx flammis orior\u201d<\/em><\/p>\n<p style=\"text-align: center;\"><em>Der Ph\u00f6nix entsteigt ihr in strahlender Sch\u00f6nheit<br \/>\nund fliegt in seine Heimat zur\u00fcck.<\/em><\/p>\n<p style=\"text-align: center;\">(Erz\u00e4hlt nach einer \u00dcberlieferung aus dem arabisch-\u00e4gyptischen Raum von Heidemarie A. Sattler)<\/p>\n","protected":false},"excerpt":{"rendered":"<p>Wenn sich die Zeit des einen Lebens zu Ende neigt, fliegt der Ph\u00f6nix am Abend in die arabische W\u00fcste hinaus und bereitet sich ein Nest in den gr\u00fcnen Wedeln der gr\u00f6\u00dften Palme. Kostbare Gew\u00fcrze und duftende Harze finden daf\u00fcr Verwendung. Der Bau dauert die ganze Nacht und vollendet sich mit der Morgend\u00e4mmerung. Der bet\u00f6rende Gesang, [&hellip;]<\/p>\n","protected":false},"author":1,"featured_media":0,"parent":0,"menu_order":4,"comment_status":"closed","ping_status":"closed","template":"","meta":{"footnotes":""},"class_list":["post-62","page","type-page","status-publish","hentry"],"_links":{"self":[{"href":"http:\/\/xn--phnix-allgu-u8a9t.de\/index.php?rest_route=\/wp\/v2\/pages\/62","targetHints":{"allow":["GET"]}}],"collection":[{"href":"http:\/\/xn--phnix-allgu-u8a9t.de\/index.php?rest_route=\/wp\/v2\/pages"}],"about":[{"href":"http:\/\/xn--phnix-allgu-u8a9t.de\/index.php?rest_route=\/wp\/v2\/types\/page"}],"author":[{"embeddable":true,"href":"http:\/\/xn--phnix-allgu-u8a9t.de\/index.php?rest_route=\/wp\/v2\/users\/1"}],"replies":[{"embeddable":true,"href":"http:\/\/xn--phnix-allgu-u8a9t.de\/index.php?rest_route=%2Fwp%2Fv2%2Fcomments&post=62"}],"version-history":[{"count":5,"href":"http:\/\/xn--phnix-allgu-u8a9t.de\/index.php?rest_route=\/wp\/v2\/pages\/62\/revisions"}],"predecessor-version":[{"id":247,"href":"http:\/\/xn--phnix-allgu-u8a9t.de\/index.php?rest_route=\/wp\/v2\/pages\/62\/revisions\/247"}],"wp:attachment":[{"href":"http:\/\/xn--phnix-allgu-u8a9t.de\/index.php?rest_route=%2Fwp%2Fv2%2Fmedia&parent=62"}],"curies":[{"name":"wp","href":"https:\/\/api.w.org\/{rel}","templated":true}]}}