{"id":65,"date":"2015-11-03T09:06:36","date_gmt":"2015-11-03T08:06:36","guid":{"rendered":"http:\/\/xn--phnix-allgu-u8a9t.de\/?page_id=65"},"modified":"2025-03-31T19:19:51","modified_gmt":"2025-03-31T18:19:51","slug":"mitgliedschaft-spenden","status":"publish","type":"page","link":"http:\/\/xn--phnix-allgu-u8a9t.de\/?page_id=65","title":{"rendered":"Mitgliedschaft &#038; Spenden"},"content":{"rendered":"<p style=\"text-align: center;\">Der Beitritt zum Verein ist als aktives und als passives Mitglied m\u00f6glich und basiert auf einem j\u00e4hrlichem Mitgliedsbeitrag in H\u00f6he von 30,- \u20ac \u00a0f\u00fcr Einzelpersonen,\u00a0<span style=\"line-height: 1.5;\">40,- \u20ac f\u00fcr Familienmitgliedschaften sowie 70,- \u20ac f\u00fcr Vereine, Schulen und Firmen.<\/span><\/p>\n<p style=\"text-align: center;\">Die Spenden werden ausschliesslich f\u00fcr gemeinn\u00fctzige Zwecke verwendet!<\/p>\n<p style=\"text-align: center;\">Die Unterst\u00fctzung des Vereins durch Geldspenden ist auch ohne Mitgliedschaft jederzeit willkommen.<\/p>\n<hr \/>\n<p style=\"text-align: center;\">Bei Interesse an einer Mitgliedschaft, sowie bei Fragen rund um den Verein kontaktieren Sie uns gerne telefonisch unter <a href=\"tel:083339253834\"><strong>08333\/9253834<\/strong><\/a> oder per <strong><a href=\"mailto:willkommen@ph\u00f6nix-allg\u00e4u.de\" target=\"_blank\" rel=\"noopener noreferrer\">EMAIL<\/a><\/strong>.<\/p>\n<p style=\"text-align: center;\"><strong><span style=\"text-decoration: underline;\">Spendenkonto:<\/span><\/strong><\/p>\n<p style=\"text-align: center;\">Sparkasse Schwaben-Bodensee<br \/>Ph\u00f6nix-Allg\u00e4u\u00a0e.V<\/p>\n<p style=\"text-align: center;\">IBAN: DE90 7315 0000 1002 2911 18<\/p>\n<p style=\"text-align: center;\"><strong>VIELEN DANK !<\/strong><\/p>\n\n\n<p><\/p>\n","protected":false},"excerpt":{"rendered":"<p>Der Beitritt zum Verein ist als aktives und als passives Mitglied m\u00f6glich und basiert auf einem j\u00e4hrlichem Mitgliedsbeitrag in H\u00f6he von 30,- \u20ac \u00a0f\u00fcr Einzelpersonen,\u00a040,- \u20ac f\u00fcr Familienmitgliedschaften sowie 70,- \u20ac f\u00fcr Vereine, Schulen und Firmen. Die Spenden werden ausschliesslich f\u00fcr gemeinn\u00fctzige Zwecke verwendet! Die Unterst\u00fctzung des Vereins durch Geldspenden ist auch ohne Mitgliedschaft jederzeit [&hellip;]<\/p>\n","protected":false},"author":1,"featured_media":0,"parent":0,"menu_order":3,"comment_status":"closed","ping_status":"closed","template":"","meta":{"footnotes":""},"class_list":["post-65","page","type-page","status-publish","hentry"],"_links":{"self":[{"href":"http:\/\/xn--phnix-allgu-u8a9t.de\/index.php?rest_route=\/wp\/v2\/pages\/65","targetHints":{"allow":["GET"]}}],"collection":[{"href":"http:\/\/xn--phnix-allgu-u8a9t.de\/index.php?rest_route=\/wp\/v2\/pages"}],"about":[{"href":"http:\/\/xn--phnix-allgu-u8a9t.de\/index.php?rest_route=\/wp\/v2\/types\/page"}],"author":[{"embeddable":true,"href":"http:\/\/xn--phnix-allgu-u8a9t.de\/index.php?rest_route=\/wp\/v2\/users\/1"}],"replies":[{"embeddable":true,"href":"http:\/\/xn--phnix-allgu-u8a9t.de\/index.php?rest_route=%2Fwp%2Fv2%2Fcomments&post=65"}],"version-history":[{"count":15,"href":"http:\/\/xn--phnix-allgu-u8a9t.de\/index.php?rest_route=\/wp\/v2\/pages\/65\/revisions"}],"predecessor-version":[{"id":279,"href":"http:\/\/xn--phnix-allgu-u8a9t.de\/index.php?rest_route=\/wp\/v2\/pages\/65\/revisions\/279"}],"wp:attachment":[{"href":"http:\/\/xn--phnix-allgu-u8a9t.de\/index.php?rest_route=%2Fwp%2Fv2%2Fmedia&parent=65"}],"curies":[{"name":"wp","href":"https:\/\/api.w.org\/{rel}","templated":true}]}}