{"id":72,"date":"2026-04-21T12:38:33","date_gmt":"2026-04-21T12:38:33","guid":{"rendered":"http:\/\/xn--phnix-allgu-u8a9t.de\/?page_id=72"},"modified":"2026-04-21T13:38:33","modified_gmt":"2026-04-21T12:38:33","slug":"impressum","status":"publish","type":"page","link":"http:\/\/xn--phnix-allgu-u8a9t.de\/?page_id=72","title":{"rendered":"Impressum"},"content":{"rendered":"<h2 style=\"text-align: left\">Ph\u00f6nix Allg\u00e4u e.V.<br \/>Am M\u00fchlbach 1<br \/>87770 Obersch\u00f6negg<\/h2>\n<p style=\"text-align: left\">Telefon:\u00a0<a href=\"tel:083339253834\">08333\/9253834<\/a><br \/>E-Mail: <a href=\"mailto:willkommen@ph%C3%B6nix-allg%C3%A4u.de\">willkommen@ph\u00f6nix-a<\/a><a href=\"mailto:willkommen@ph%C3%B6nix-allg%C3%A4u.de\">l<\/a><a href=\"mailto:willkommen@ph%C3%B6nix-allg%C3%A4u.de\">lg\u00e4u.de<\/a><\/p>\n<hr \/>\n<p style=\"text-align: left\"><strong>Vertreten durch:<\/strong><br \/>Vorsitzender: Markus Schneider<br \/>Stellvertreter: Helmut Koch<br \/>Schriftf\u00fchrer: Matthias Schmidt<br \/>Kasse: Karin Steck<\/p>\n\n\n<div  class=\"agb_content agb_imprint  notranslate\"><div>Ph&ouml;nix Allg&auml;u e.V.<br \/>\nAm M&uuml;hlbach 1<br \/>\n87770 Obersch&ouml;negg<br \/>\nDeutschland<br \/>\n<br \/>\nTel.: 08333927702<br \/>\nE-Mail: willkommen@ph&ouml;nix-allg&auml;u.de<br \/>\n<br \/>\nRegistergericht: Amtsgericht Memmingen<br \/>\nRegisternummer: VR 200763<br \/>\n<br \/>\nVertretungsberechtigter Vorstand: Markus Schneider<br \/>\n<br \/>\nUmsatzsteuer-Identifikationsnummer: keine Besteuerungspflicht<\/div><div id=\"itkanzlei_txt_copyright\" style=\"font-size: 12px; margin-top: 8em;\"><div style=\"display: inline-block; vertical-align: top; margin-left: 5px; float: right; white-space: nowrap;\">Stand: 21.04.2026, 14:38:32<\/div><div style=\"clear: right;\"><\/div><\/div><\/div>\n","protected":false},"excerpt":{"rendered":"<p>Ph\u00f6nix Allg\u00e4u e.V.Am M\u00fchlbach 187770 Obersch\u00f6negg Telefon:\u00a008333\/9253834E-Mail: willkommen@ph\u00f6nix-allg\u00e4u.de Vertreten durch:Vorsitzender: Markus SchneiderStellvertreter: Helmut KochSchriftf\u00fchrer: Matthias SchmidtKasse: Karin Steck<\/p>\n","protected":false},"author":1,"featured_media":0,"parent":0,"menu_order":7,"comment_status":"closed","ping_status":"closed","template":"","meta":{"footnotes":""},"class_list":["post-72","page","type-page","status-publish","hentry"],"_links":{"self":[{"href":"http:\/\/xn--phnix-allgu-u8a9t.de\/index.php?rest_route=\/wp\/v2\/pages\/72","targetHints":{"allow":["GET"]}}],"collection":[{"href":"http:\/\/xn--phnix-allgu-u8a9t.de\/index.php?rest_route=\/wp\/v2\/pages"}],"about":[{"href":"http:\/\/xn--phnix-allgu-u8a9t.de\/index.php?rest_route=\/wp\/v2\/types\/page"}],"author":[{"embeddable":true,"href":"http:\/\/xn--phnix-allgu-u8a9t.de\/index.php?rest_route=\/wp\/v2\/users\/1"}],"replies":[{"embeddable":true,"href":"http:\/\/xn--phnix-allgu-u8a9t.de\/index.php?rest_route=%2Fwp%2Fv2%2Fcomments&post=72"}],"version-history":[{"count":20,"href":"http:\/\/xn--phnix-allgu-u8a9t.de\/index.php?rest_route=\/wp\/v2\/pages\/72\/revisions"}],"predecessor-version":[{"id":276,"href":"http:\/\/xn--phnix-allgu-u8a9t.de\/index.php?rest_route=\/wp\/v2\/pages\/72\/revisions\/276"}],"wp:attachment":[{"href":"http:\/\/xn--phnix-allgu-u8a9t.de\/index.php?rest_route=%2Fwp%2Fv2%2Fmedia&parent=72"}],"curies":[{"name":"wp","href":"https:\/\/api.w.org\/{rel}","templated":true}]}}